{"id":7,"date":"2019-01-16T17:43:44","date_gmt":"2019-01-16T17:43:44","guid":{"rendered":"https:\/\/www.uaa.mx\/sg\/?page_id=7"},"modified":"2024-07-01T17:01:50","modified_gmt":"2024-07-01T17:01:50","slug":"organigrama","status":"publish","type":"page","link":"https:\/\/www.uaa.mx\/sg\/index.php\/organigrama\/","title":{"rendered":"Contacto"},"content":{"rendered":"\n<div style=\"height:66px\" aria-hidden=\"true\" class=\"wp-block-spacer\"><\/div>\n\n\n\n<h2 class=\"wp-block-heading\" style=\"font-size:25px\">Secretario General<\/h2>\n\n\n\n<div style=\"height:26px\" aria-hidden=\"true\" class=\"wp-block-spacer\"><\/div>\n\n\n\n<p><strong>Dr. en Der. Jos\u00e9 Manuel L\u00f3pez Libreros<\/strong><\/p>\n\n\n\n<p><a href=\"mailto:manuel.lopezl@edu.uaa.mx\" target=\"_blank\" rel=\"noreferrer noopener\">manuel.lopezl@edu.uaa.mx<\/a><\/p>\n\n\n\n<p><\/p>\n\n\n\n<div style=\"height:56px\" aria-hidden=\"true\" class=\"wp-block-spacer\"><\/div>\n\n\n\n<h2 class=\"wp-block-heading\" style=\"font-size:25px\">Departamentos<\/h2>\n\n\n\n<ul class=\"wp-block-list\">\n<li><strong>Jefa del Departamento de Archivo General e Hist\u00f3rico<\/strong><\/li>\n<\/ul>\n\n\n\n<p><strong>Dra. en C.S.H. Marcela L\u00f3pez Arellano<\/strong><\/p>\n\n\n\n<p>marcela.lopeza@edu.uaa.mx<\/p>\n\n\n\n<div style=\"height:25px\" aria-hidden=\"true\" class=\"wp-block-spacer\"><\/div>\n\n\n\n<ul class=\"wp-block-list\">\n<li><strong>Jefa del Departamento de Control Escolar<\/strong><\/li>\n<\/ul>\n\n\n\n<p><strong>Mtra. en C.E.A. Imelda Jim\u00e9nez Garc\u00eda<\/strong><\/p>\n\n\n\n<p>imelda.jimenez@edu.uaa.mx<\/p>\n\n\n\n<div style=\"height:25px\" aria-hidden=\"true\" class=\"wp-block-spacer\"><\/div>\n\n\n\n<ul class=\"wp-block-list\">\n<li><strong>Jefa del Departamento de Recursos Humanos<\/strong><\/li>\n<\/ul>\n\n\n\n<p><strong>Mtra. en C.E.A. Sonia Araceli Garc\u00eda Corral<\/strong><\/p>\n\n\n\n<p>sagarcia@correo.uaa.mx<\/p>\n\n\n\n<div style=\"height:25px\" aria-hidden=\"true\" class=\"wp-block-spacer\"><\/div>\n\n\n\n<ul class=\"wp-block-list\">\n<li><strong>Jefe del Departamento Jur\u00eddico<\/strong><\/li>\n<\/ul>\n\n\n\n<p><strong>Lic. en D. Irwin Jes\u00fas Torres Villalobos<\/strong><\/p>\n\n\n\n<p>jesus.torres@edu.uaa.mx<\/p>\n\n\n\n<div style=\"height:73px\" aria-hidden=\"true\" class=\"wp-block-spacer\"><\/div>\n\n\n\n<h2 class=\"wp-block-heading\" style=\"font-size:25px\">Organigrama <\/h2>\n\n\n<div class=\"wp-block-image\">\n<figure class=\"aligncenter size-large\"><img loading=\"lazy\" decoding=\"async\" width=\"1024\" height=\"694\" src=\"https:\/\/www.uaa.mx\/sg\/wp-content\/uploads\/2022\/04\/ORGANIGRAMA-1024x694.jpg\" alt=\"\" class=\"wp-image-203\" srcset=\"https:\/\/www.uaa.mx\/sg\/wp-content\/uploads\/2022\/04\/ORGANIGRAMA-1024x694.jpg 1024w, https:\/\/www.uaa.mx\/sg\/wp-content\/uploads\/2022\/04\/ORGANIGRAMA-300x203.jpg 300w, https:\/\/www.uaa.mx\/sg\/wp-content\/uploads\/2022\/04\/ORGANIGRAMA-768x521.jpg 768w, https:\/\/www.uaa.mx\/sg\/wp-content\/uploads\/2022\/04\/ORGANIGRAMA.jpg 1431w\" sizes=\"auto, (max-width: 1024px) 100vw, 1024px\" \/><\/figure>\n<\/div>\n\n\n<div style=\"height:100px\" aria-hidden=\"true\" class=\"wp-block-spacer\"><\/div>\n\n\n\n<h2 class=\"wp-block-heading\" style=\"font-size:25px\">UBICACI\u00d3N <\/h2>\n\n\n\n<div class=\"wp-block-columns is-layout-flex wp-container-core-columns-is-layout-28f84493 wp-block-columns-is-layout-flex\">\n<div class=\"wp-block-column is-layout-flow wp-block-column-is-layout-flow\" style=\"flex-basis:66.66%\">\n<p><strong>Edificio Acad\u00e9mico y Administrativo, Piso 10<\/strong><br>Secretar\u00eda General<\/p>\n\n\n\n<p><a href=\"https:\/\/g.page\/r\/Cb6ZJMtnu3D7EAE\">Av. Universidad #940<br>Ciudad Universitaria, C.P. 20100<br>Aguascalientes, Ags. M\u00e9xico.<\/a><\/p>\n\n\n\n<p><strong>449 910 74 20<\/strong><\/p>\n<\/div>\n\n\n\n<div class=\"wp-block-column is-layout-flow wp-block-column-is-layout-flow\" style=\"flex-basis:33.33%\"><div class=\"wp-block-image\">\n<figure class=\"aligncenter size-large is-resized\"><a href=\"https:\/\/g.page\/r\/Cb6ZJMtnu3D7EAE\"><img loading=\"lazy\" decoding=\"async\" width=\"1024\" height=\"838\" src=\"https:\/\/www.uaa.mx\/sg\/wp-content\/uploads\/2022\/06\/google-maps-sin-conexion-01.jpg-1024x838.webp\" alt=\"\" class=\"wp-image-287\" style=\"width:99px;height:81px\" srcset=\"https:\/\/www.uaa.mx\/sg\/wp-content\/uploads\/2022\/06\/google-maps-sin-conexion-01.jpg-1024x838.webp 1024w, https:\/\/www.uaa.mx\/sg\/wp-content\/uploads\/2022\/06\/google-maps-sin-conexion-01.jpg-300x246.webp 300w, https:\/\/www.uaa.mx\/sg\/wp-content\/uploads\/2022\/06\/google-maps-sin-conexion-01.jpg-768x628.webp 768w, https:\/\/www.uaa.mx\/sg\/wp-content\/uploads\/2022\/06\/google-maps-sin-conexion-01.jpg.webp 1200w\" sizes=\"auto, (max-width: 1024px) 100vw, 1024px\" \/><\/a><\/figure>\n<\/div><\/div>\n<\/div>\n\n\n\n<div style=\"height:13px\" aria-hidden=\"true\" class=\"wp-block-spacer\"><\/div>\n\n\n\n<div style=\"height:153px\" aria-hidden=\"true\" class=\"wp-block-spacer\"><\/div>\n","protected":false},"excerpt":{"rendered":"<p>Secretario General Dr. en Der. Jos\u00e9 Manuel L\u00f3pez Libreros manuel.lopezl@edu.uaa.mx Departamentos Dra. en C.S.H. Marcela L\u00f3pez Arellano marcela.lopeza@edu.uaa.mx Mtra. en C.E.A. Imelda Jim\u00e9nez Garc\u00eda imelda.jimenez@edu.uaa.mx Mtra. en C.E.A. Sonia Araceli Garc\u00eda Corral sagarcia@correo.uaa.mx Lic. en D. Irwin Jes\u00fas Torres Villalobos jesus.torres@edu.uaa.mx Organigrama UBICACI\u00d3N Edificio Acad\u00e9mico y Administrativo, Piso 10Secretar\u00eda General [&hellip;]<\/p>\n","protected":false},"author":4,"featured_media":0,"parent":0,"menu_order":0,"comment_status":"closed","ping_status":"closed","template":"","meta":{"footnotes":""},"class_list":["post-7","page","type-page","status-publish","hentry"],"_links":{"self":[{"href":"https:\/\/www.uaa.mx\/sg\/index.php\/wp-json\/wp\/v2\/pages\/7","targetHints":{"allow":["GET"]}}],"collection":[{"href":"https:\/\/www.uaa.mx\/sg\/index.php\/wp-json\/wp\/v2\/pages"}],"about":[{"href":"https:\/\/www.uaa.mx\/sg\/index.php\/wp-json\/wp\/v2\/types\/page"}],"author":[{"embeddable":true,"href":"https:\/\/www.uaa.mx\/sg\/index.php\/wp-json\/wp\/v2\/users\/4"}],"replies":[{"embeddable":true,"href":"https:\/\/www.uaa.mx\/sg\/index.php\/wp-json\/wp\/v2\/comments?post=7"}],"version-history":[{"count":43,"href":"https:\/\/www.uaa.mx\/sg\/index.php\/wp-json\/wp\/v2\/pages\/7\/revisions"}],"predecessor-version":[{"id":774,"href":"https:\/\/www.uaa.mx\/sg\/index.php\/wp-json\/wp\/v2\/pages\/7\/revisions\/774"}],"wp:attachment":[{"href":"https:\/\/www.uaa.mx\/sg\/index.php\/wp-json\/wp\/v2\/media?parent=7"}],"curies":[{"name":"wp","href":"https:\/\/api.w.org\/{rel}","templated":true}]}}