{"id":38,"date":"2021-12-07T15:07:48","date_gmt":"2021-12-07T15:07:48","guid":{"rendered":"https:\/\/www.uaa.mx\/uipc\/?page_id=38"},"modified":"2021-12-07T21:14:09","modified_gmt":"2021-12-07T21:14:09","slug":"podcast","status":"publish","type":"page","link":"https:\/\/www.uaa.mx\/uipc\/index.php\/podcast\/","title":{"rendered":"Podcast"},"content":{"rendered":"\n<figure class=\"wp-block-image size-large\"><img decoding=\"async\" src=\"https:\/\/www.uaa.mx\/uipc\/wp-content\/uploads\/2021\/12\/podcast-1024x132.png\" alt=\"\" class=\"wp-image-52\"\/><\/figure>\n\n\n\n<div style=\"height:39px\" aria-hidden=\"true\" class=\"wp-block-spacer\"><\/div>\n\n\n\n<ul class=\"wp-block-list\"><li>Extintores<\/li><li>Botiqu\u00edn<\/li><li>Detector de humo<\/li><li>Se\u00f1al\u00e9tica de evacuaci\u00f3n<\/li><li>Jefe de inmueble<\/li><li>Coordinador de emergencia<\/li><li>Jefe de piso<\/li><li>Jefe de brigada<\/li><li>Brigadistas<\/li><li>Simulacro<\/li><\/ul>\n\n\n\n<p><\/p>\n","protected":false},"excerpt":{"rendered":"<p>Extintores Botiqu\u00edn Detector de humo Se\u00f1al\u00e9tica de evacuaci\u00f3n Jefe de inmueble Coordinador de emergencia Jefe de piso Jefe de brigada Brigadistas Simulacro<\/p>\n","protected":false},"author":3,"featured_media":0,"parent":0,"menu_order":0,"comment_status":"closed","ping_status":"closed","template":"","meta":{"footnotes":""},"class_list":["post-38","page","type-page","status-publish","hentry"],"_links":{"self":[{"href":"https:\/\/www.uaa.mx\/uipc\/index.php\/wp-json\/wp\/v2\/pages\/38","targetHints":{"allow":["GET"]}}],"collection":[{"href":"https:\/\/www.uaa.mx\/uipc\/index.php\/wp-json\/wp\/v2\/pages"}],"about":[{"href":"https:\/\/www.uaa.mx\/uipc\/index.php\/wp-json\/wp\/v2\/types\/page"}],"author":[{"embeddable":true,"href":"https:\/\/www.uaa.mx\/uipc\/index.php\/wp-json\/wp\/v2\/users\/3"}],"replies":[{"embeddable":true,"href":"https:\/\/www.uaa.mx\/uipc\/index.php\/wp-json\/wp\/v2\/comments?post=38"}],"version-history":[{"count":3,"href":"https:\/\/www.uaa.mx\/uipc\/index.php\/wp-json\/wp\/v2\/pages\/38\/revisions"}],"predecessor-version":[{"id":196,"href":"https:\/\/www.uaa.mx\/uipc\/index.php\/wp-json\/wp\/v2\/pages\/38\/revisions\/196"}],"wp:attachment":[{"href":"https:\/\/www.uaa.mx\/uipc\/index.php\/wp-json\/wp\/v2\/media?parent=38"}],"curies":[{"name":"wp","href":"https:\/\/api.w.org\/{rel}","templated":true}]}}